{"id":6724,"date":"2024-10-14T11:13:56","date_gmt":"2024-10-14T09:13:56","guid":{"rendered":"https:\/\/renatofirenze.com\/?page_id=6724"},"modified":"2025-11-04T18:57:51","modified_gmt":"2025-11-04T16:57:51","slug":"trattamenti-capelli-firenze","status":"publish","type":"page","link":"https:\/\/renatofirenze.com\/en\/trattamenti-capelli-firenze\/","title":{"rendered":"Trattamenti"},"content":{"rendered":"\t\t<div data-elementor-type=\"wp-page\" data-elementor-id=\"6724\" class=\"elementor elementor-6724\">\n\t\t\t\t<div class=\"elementor-element elementor-element-79743ef e-flex e-con-boxed e-con e-parent\" data-id=\"79743ef\" data-element_type=\"container\">\n\t\t\t\t\t<div class=\"e-con-inner\">\n\t\t<div class=\"elementor-element elementor-element-5298ec0 e-con-full e-flex e-con e-child\" data-id=\"5298ec0\" data-element_type=\"container\">\n\t\t\t\t<div class=\"elementor-element elementor-element-22d1789 elementor-widget elementor-widget-image\" data-id=\"22d1789\" data-element_type=\"widget\" data-widget_type=\"image.default\">\n\t\t\t\t<div class=\"elementor-widget-container\">\n\t\t\t<style>\/*! elementor - v3.23.0 - 05-08-2024 *\/\n.elementor-widget-image{text-align:center}.elementor-widget-image a{display:inline-block}.elementor-widget-image a img[src$=\".svg\"]{width:48px}.elementor-widget-image img{vertical-align:middle;display:inline-block}<\/style>\t\t\t\t\t\t\t\t\t\t<img decoding=\"async\" src=\"https:\/\/renatofirenze.com\/wp-content\/uploads\/elementor\/thumbs\/massaggi-qvjx6vpsglk2oit3u7i8owhukdmdm3tf0sjc9rq6zs.png\" title=\"massaggi\" alt=\"massaggi\" loading=\"lazy\" \/>\t\t\t\t\t\t\t\t\t\t\t\t\t<\/div>\n\t\t\t\t<\/div>\n\t\t\t\t<\/div>\n\t\t<div class=\"elementor-element elementor-element-5a045e1 e-con-full e-flex e-con e-child\" data-id=\"5a045e1\" data-element_type=\"container\">\n\t\t\t\t<div class=\"elementor-element elementor-element-023eaab elementor-widget elementor-widget-ideapark-heading\" data-id=\"023eaab\" data-element_type=\"widget\" data-widget_type=\"ideapark-heading.default\">\n\t\t\t\t<div class=\"elementor-widget-container\">\n\t\t\t<div class=\"c-ip-heading c-ip-heading--medium c-ip-heading--left c-ip-heading--bullet-hide\"><span class=\"c-ip-heading__inner\">HEAD SPA<br \/>\n<\/span><\/div>\t\t<\/div>\n\t\t\t\t<\/div>\n\t\t\t\t<\/div>\n\t\t\t\t\t<\/div>\n\t\t\t\t<\/div>\n\t\t<div class=\"elementor-element elementor-element-5e94703 e-flex e-con-boxed e-con e-parent\" data-id=\"5e94703\" data-element_type=\"container\">\n\t\t\t\t\t<div class=\"e-con-inner\">\n\t\t\t\t<div class=\"elementor-element elementor-element-7340367 elementor-widget elementor-widget-text-editor\" data-id=\"7340367\" data-element_type=\"widget\" data-widget_type=\"text-editor.default\">\n\t\t\t\t<div class=\"elementor-widget-container\">\n\t\t\t<style>\/*! elementor - v3.23.0 - 05-08-2024 *\/\n.elementor-widget-text-editor.elementor-drop-cap-view-stacked .elementor-drop-cap{background-color:#69727d;color:#fff}.elementor-widget-text-editor.elementor-drop-cap-view-framed .elementor-drop-cap{color:#69727d;border:3px solid;background-color:transparent}.elementor-widget-text-editor:not(.elementor-drop-cap-view-default) .elementor-drop-cap{margin-top:8px}.elementor-widget-text-editor:not(.elementor-drop-cap-view-default) .elementor-drop-cap-letter{width:1em;height:1em}.elementor-widget-text-editor .elementor-drop-cap{float:left;text-align:center;line-height:1;font-size:50px}.elementor-widget-text-editor .elementor-drop-cap-letter{display:inline-block}<\/style>\t\t\t\t<p><strong>Shampoo Spa<\/strong><br \/>A differenza del classico lavaggio rapido in salone, lo shampoo spa relax incorpora l&#8217;uso della tecnica di massaggio ayurvedico alla testa con una durata pi\u00f9 lunga e questo servizio \u00e8 progettato per fornire un buon lavaggio e garantire un vero relax. Inizia con un&#8217;analisi del cuoio capelluto per selezionare lo shampoo giusto per i tuoi capelli e le condizioni del cuoio capelluto. Alla poltrona del lavaggio godrai di uno shampoo rilassante e calmo seguito da un trattamento con maschera per capelli profondamente condizionante per i tuoi capelli. Mentre in pausa che il trattamento agisca sulle cuticole dei capelli, ti godi un massaggio al collo, alle spalle e alle mani. L&#8217;asciugatura rapida \u00e8 inclusa su richiesta, extra per lo styling.<\/p>\t\t\t\t\t\t<\/div>\n\t\t\t\t<\/div>\n\t\t\t\t<div class=\"elementor-element elementor-element-22f734f elementor-widget elementor-widget-text-editor\" data-id=\"22f734f\" data-element_type=\"widget\" data-widget_type=\"text-editor.default\">\n\t\t\t\t<div class=\"elementor-widget-container\">\n\t\t\t\t\t\t\t<p><em>Durata 45 min &#8211; \u20ac50 | 5 sedute -\u20ac210<\/em><\/p>\t\t\t\t\t\t<\/div>\n\t\t\t\t<\/div>\n\t\t\t\t\t<\/div>\n\t\t\t\t<\/div>\n\t\t<div class=\"elementor-element elementor-element-cad8650 e-flex e-con-boxed e-con e-parent\" data-id=\"cad8650\" data-element_type=\"container\">\n\t\t\t\t\t<div class=\"e-con-inner\">\n\t\t\t\t<div class=\"elementor-element elementor-element-c754db5 elementor-widget elementor-widget-text-editor\" data-id=\"c754db5\" data-element_type=\"widget\" data-widget_type=\"text-editor.default\">\n\t\t\t\t<div class=\"elementor-widget-container\">\n\t\t\t\t\t\t\t<p><strong>Trattamento Gold20 Fusion<\/strong><\/p><p>Il nostro rituale premium Hair Spa con trattamento di ricostruzione Monacelli Gold20 include massaggi terapeutici alla testa, collo, spalle e le braccia. Goditi questo delicato rituale rinvigorente, finch\u00e9 l\u2019azione del trattamento ricostruisce i tuoi capelli.<br \/>Gold20, grazie alle esclusive propriet\u00e0 dei suoi componenti, garantisce uno straordinario potere lucidante che esalta la brillantezza del colore e dona una migliore pettinabilit\u00e0. Indicato per chi ha capelli sensibilizzati da tinture, permanenti, decolorazioni, schiariture, o per chi ha gi\u00e0 di natura un capello tendenzialmente secco e con doppie punte. Consigliato anche in caso di capelli porosi, crespi, indisciplinati, privi di volume e corposit\u00e0, o quando i capelli si presentano disidratati ed opachi e si vuole ottenere un forte effetto idratante, nutriente e lucidante. Shampoo e assugatura rapida incluso, extra per lo styling.<\/p>\t\t\t\t\t\t<\/div>\n\t\t\t\t<\/div>\n\t\t\t\t<div class=\"elementor-element elementor-element-7b26328 elementor-widget elementor-widget-text-editor\" data-id=\"7b26328\" data-element_type=\"widget\" data-widget_type=\"text-editor.default\">\n\t\t\t\t<div class=\"elementor-widget-container\">\n\t\t\t\t\t\t\t<p><em>Trattamento Gold20 Fusion : Durata 45 min &#8211; \u20ac65<\/em><\/p>\t\t\t\t\t\t<\/div>\n\t\t\t\t<\/div>\n\t\t\t\t\t<\/div>\n\t\t\t\t<\/div>\n\t\t<div class=\"elementor-element elementor-element-d8f4632 e-flex e-con-boxed e-con e-parent\" data-id=\"d8f4632\" data-element_type=\"container\">\n\t\t\t\t\t<div class=\"e-con-inner\">\n\t\t<div class=\"elementor-element elementor-element-4d67e67 e-con-full e-flex e-con e-child\" data-id=\"4d67e67\" data-element_type=\"container\">\n\t\t\t\t<div class=\"elementor-element elementor-element-b43a2d4 elementor-widget elementor-widget-image\" data-id=\"b43a2d4\" data-element_type=\"widget\" data-widget_type=\"image.default\">\n\t\t\t\t<div class=\"elementor-widget-container\">\n\t\t\t\t\t\t\t\t\t\t\t\t\t<img decoding=\"async\" src=\"https:\/\/renatofirenze.com\/wp-content\/uploads\/elementor\/thumbs\/fiore-qvjx7nwy5mmocto59jp1rpdodxre10xd4o3wo2kdt4.png\" title=\"fiore\" alt=\"fiore\" loading=\"lazy\" \/>\t\t\t\t\t\t\t\t\t\t\t\t\t<\/div>\n\t\t\t\t<\/div>\n\t\t\t\t<\/div>\n\t\t<div class=\"elementor-element elementor-element-c39bb56 e-con-full e-flex e-con e-child\" data-id=\"c39bb56\" data-element_type=\"container\">\n\t\t\t\t<div class=\"elementor-element elementor-element-e89ed45 elementor-widget elementor-widget-ideapark-heading\" data-id=\"e89ed45\" data-element_type=\"widget\" data-widget_type=\"ideapark-heading.default\">\n\t\t\t\t<div class=\"elementor-widget-container\">\n\t\t\t<div class=\"c-ip-heading c-ip-heading--medium c-ip-heading--left c-ip-heading--bullet-hide\"><span class=\"c-ip-heading__inner\">MASSAGGI<\/span><\/div>\t\t<\/div>\n\t\t\t\t<\/div>\n\t\t\t\t<\/div>\n\t\t\t\t\t<\/div>\n\t\t\t\t<\/div>\n\t\t<div class=\"elementor-element elementor-element-0732f8b e-flex e-con-boxed e-con e-parent\" data-id=\"0732f8b\" data-element_type=\"container\">\n\t\t\t\t\t<div class=\"e-con-inner\">\n\t\t\t\t<div class=\"elementor-element elementor-element-0ff7c54 elementor-widget elementor-widget-text-editor\" data-id=\"0ff7c54\" data-element_type=\"widget\" data-widget_type=\"text-editor.default\">\n\t\t\t\t<div class=\"elementor-widget-container\">\n\t\t\t\t\t\t\t<p><strong>Massaggio Alla Testa<\/strong><br \/>Il massaggio alla testa ayurvedico o &#8220;Champi&#8221; \u00e8 un trattamento che si concentra sul massaggio dei punti di digitopressione lungo la testa, viso, il collo, le spalle e le braccia. Allevia la tensione accumulata nella zona della testa e del collo, e la rigidit\u00e0 muscolare, allevia i sintomi della depressione e dell&#8217;ansia attraverso il rilassamento, stimola il drenaggio linfatico permettendo la circolazione del sangue nella zona del collo e aumentando l&#8217;apporto di ossigeno ai follicoli. Il contenuto di nutrienti nell&#8217;olio utilizzato \u00e8 benefico per i capelli e il cuoio capelluto. Shampoo e assugatura rapida incluso dopo il massaggio se serve, extra per lo styling.<\/p>\t\t\t\t\t\t<\/div>\n\t\t\t\t<\/div>\n\t\t\t\t<div class=\"elementor-element elementor-element-406ce84 elementor-widget elementor-widget-text-editor\" data-id=\"406ce84\" data-element_type=\"widget\" data-widget_type=\"text-editor.default\">\n\t\t\t\t<div class=\"elementor-widget-container\">\n\t\t\t\t\t\t\t<p>Durata 45 min &#8211; \u20ac50 | 5 sedute &#8211; \u20ac210<\/p>\t\t\t\t\t\t<\/div>\n\t\t\t\t<\/div>\n\t\t\t\t\t<\/div>\n\t\t\t\t<\/div>\n\t\t<div class=\"elementor-element elementor-element-ffff841 e-flex e-con-boxed e-con e-parent\" data-id=\"ffff841\" data-element_type=\"container\">\n\t\t\t\t\t<div class=\"e-con-inner\">\n\t\t\t\t<div class=\"elementor-element elementor-element-56350b9 elementor-widget elementor-widget-text-editor\" data-id=\"56350b9\" data-element_type=\"widget\" data-widget_type=\"text-editor.default\">\n\t\t\t\t<div class=\"elementor-widget-container\">\n\t\t\t\t\t\t\t<p><strong>Massaggio Riflessologia Plantare<\/strong><\/p><p>Una pratica della medicina alternativa, che prevede la pressione e il massaggio della pianta dei piedi, con lo scopo finale di alleviare determinati disturbi o patologie, aventi sede in altre parti del corpo. Le parti del corpo possono comunicare utilizzando campi elettromagnetici e questa comunicazione pu\u00f2 essere bloccata o congestionata. La riflessologia pu\u00f2 ripristinare il flusso energetico e aprire questi blocchi. La stimolazione migliora il flusso sanguigno all&#8217;organo o all&#8217;area del corpo<\/p>\t\t\t\t\t\t<\/div>\n\t\t\t\t<\/div>\n\t\t\t\t<div class=\"elementor-element elementor-element-429297c elementor-widget elementor-widget-text-editor\" data-id=\"429297c\" data-element_type=\"widget\" data-widget_type=\"text-editor.default\">\n\t\t\t\t<div class=\"elementor-widget-container\">\n\t\t\t\t\t\t\t<p>Durata 45 min &#8211; \u20ac50 | 5 sedute &#8211; \u20ac210<\/p>\t\t\t\t\t\t<\/div>\n\t\t\t\t<\/div>\n\t\t\t\t\t<\/div>\n\t\t\t\t<\/div>\n\t\t<div class=\"elementor-element elementor-element-eaa5e3e e-flex e-con-boxed e-con e-parent\" data-id=\"eaa5e3e\" data-element_type=\"container\">\n\t\t\t\t\t<div class=\"e-con-inner\">\n\t\t\t\t<div class=\"elementor-element elementor-element-11bec9c elementor-widget elementor-widget-text-editor\" data-id=\"11bec9c\" data-element_type=\"widget\" data-widget_type=\"text-editor.default\">\n\t\t\t\t<div class=\"elementor-widget-container\">\n\t\t\t\t\t\t\t<p><strong>Massaggio Corpo Fusion<br \/><\/strong>Il nostro massaggio esclusivo, questo massaggio combina una variet\u00e0 di tecniche di massaggio, &#8211; rilassamento, massaggio dei tessuti profondi, pressioni, stretching, e pu\u00f2 colpire aree problematiche specifiche, soddisfacendo perfettamente le tue preferenze e necessit\u00e0. Recupero pi\u00f9 rapido ed efficace, minor numero di trattamenti richiesti, scioglie nodi ostinati, dolori e tensioni, aumenta la flessibilit\u00e0 articolare e muscolare, elimina lo stress mentale e fisico per una salute migliore.<\/p>\t\t\t\t\t\t<\/div>\n\t\t\t\t<\/div>\n\t\t\t\t<div class=\"elementor-element elementor-element-23e5b05 elementor-widget elementor-widget-text-editor\" data-id=\"23e5b05\" data-element_type=\"widget\" data-widget_type=\"text-editor.default\">\n\t\t\t\t<div class=\"elementor-widget-container\">\n\t\t\t\t\t\t\t<p>Durata 75 min &#8211; \u20ac120 | 5 sedute &#8211; \u20ac500<\/p>\t\t\t\t\t\t<\/div>\n\t\t\t\t<\/div>\n\t\t\t\t\t<\/div>\n\t\t\t\t<\/div>\n\t\t\t\t<\/div>\n\t\t","protected":false},"excerpt":{"rendered":"<p>HEAD SPA Shampoo SpaA differenza del classico lavaggio rapido in salone, lo shampoo spa relax incorpora l&#8217;uso della&hellip;<\/p>\n","protected":false},"author":1,"featured_media":0,"parent":0,"menu_order":0,"comment_status":"closed","ping_status":"closed","template":"","meta":{"_eb_attr":"","footnotes":""},"class_list":["post-6724","page","type-page","status-publish","hentry"],"_links":{"self":[{"href":"https:\/\/renatofirenze.com\/en\/wp-json\/wp\/v2\/pages\/6724","targetHints":{"allow":["GET"]}}],"collection":[{"href":"https:\/\/renatofirenze.com\/en\/wp-json\/wp\/v2\/pages"}],"about":[{"href":"https:\/\/renatofirenze.com\/en\/wp-json\/wp\/v2\/types\/page"}],"author":[{"embeddable":true,"href":"https:\/\/renatofirenze.com\/en\/wp-json\/wp\/v2\/users\/1"}],"replies":[{"embeddable":true,"href":"https:\/\/renatofirenze.com\/en\/wp-json\/wp\/v2\/comments?post=6724"}],"version-history":[{"count":15,"href":"https:\/\/renatofirenze.com\/en\/wp-json\/wp\/v2\/pages\/6724\/revisions"}],"predecessor-version":[{"id":7111,"href":"https:\/\/renatofirenze.com\/en\/wp-json\/wp\/v2\/pages\/6724\/revisions\/7111"}],"wp:attachment":[{"href":"https:\/\/renatofirenze.com\/en\/wp-json\/wp\/v2\/media?parent=6724"}],"curies":[{"name":"wp","href":"https:\/\/api.w.org\/{rel}","templated":true}]}}